{"id":43,"date":"2011-05-16T18:34:31","date_gmt":"2011-05-16T18:34:31","guid":{"rendered":"http:\/\/womomania.de\/"},"modified":"2022-11-22T21:07:45","modified_gmt":"2022-11-22T21:07:45","slug":"startseite","status":"publish","type":"page","link":"https:\/\/womomania.de\/","title":{"rendered":"Herzlich Willkommen"},"content":{"rendered":"<p>Hier findet Ihr Reiseberichte aus 10 Jahren Reisen mit dem Wohnmobil. \u00a0Insbesondere f\u00fcr Hundebesitzer d\u00fcrften die Berichte interesssant sein, denn wir reisten mit 3 gro\u00dfen Hunden und einer Katze.<\/p>\n<p>Im Jahre 2016 trennte sich die Crew und die Zeit von Womomania war beendet.<\/p>\n<p>Viel Spass beim Lesen<\/p>\n","protected":false},"excerpt":{"rendered":"<p>Hier findet Ihr Reiseberichte aus 10 Jahren Reisen mit dem Wohnmobil. \u00a0Insbesondere f\u00fcr Hundebesitzer d\u00fcrften die Berichte interesssant sein, denn wir reisten mit 3 gro\u00dfen Hunden und einer Katze. Im Jahre 2016 trennte sich die Crew und die Zeit von&hellip; <\/p>\n","protected":false},"author":4,"featured_media":0,"parent":0,"menu_order":0,"comment_status":"closed","ping_status":"closed","template":"","meta":[],"_links":{"self":[{"href":"https:\/\/womomania.de\/index.php?rest_route=\/wp\/v2\/pages\/43"}],"collection":[{"href":"https:\/\/womomania.de\/index.php?rest_route=\/wp\/v2\/pages"}],"about":[{"href":"https:\/\/womomania.de\/index.php?rest_route=\/wp\/v2\/types\/page"}],"author":[{"embeddable":true,"href":"https:\/\/womomania.de\/index.php?rest_route=\/wp\/v2\/users\/4"}],"replies":[{"embeddable":true,"href":"https:\/\/womomania.de\/index.php?rest_route=%2Fwp%2Fv2%2Fcomments&post=43"}],"version-history":[{"count":9,"href":"https:\/\/womomania.de\/index.php?rest_route=\/wp\/v2\/pages\/43\/revisions"}],"predecessor-version":[{"id":7795,"href":"https:\/\/womomania.de\/index.php?rest_route=\/wp\/v2\/pages\/43\/revisions\/7795"}],"wp:attachment":[{"href":"https:\/\/womomania.de\/index.php?rest_route=%2Fwp%2Fv2%2Fmedia&parent=43"}],"curies":[{"name":"wp","href":"https:\/\/api.w.org\/{rel}","templated":true}]}}